{"id":23,"date":"2024-12-13T20:30:57","date_gmt":"2024-12-13T20:30:57","guid":{"rendered":"https:\/\/vp-cleaning.com\/?page_id=23"},"modified":"2025-07-28T19:50:39","modified_gmt":"2025-07-28T19:50:39","slug":"pongase-en-contacto-con","status":"publish","type":"page","link":"https:\/\/vp-cleaning.com\/es\/pongase-en-contacto-con\/","title":{"rendered":"P\u00f3ngase en contacto con"},"content":{"rendered":"<h1>Contacte con nosotros<\/h1>\n<div><strong>La limpieza empieza aqu\u00ed<\/strong><br class=\"uk-visible@s\" \/>Ponte en contacto<\/div>\n<ul>\n<li>\n<div>\n<p>12850 West State road 84<br \/>Davie Florida 33325<br \/>Estados Unidos<\/p>\n<\/div>\n<\/li>\n<li>\n<div>\n<div class=\"el-content uk-panel\"><a href=\"mailto:info@vp-cleaning.com\" class=\"el-link uk-link-muted uk-margin-remove-last-child\">info@vp-cleaning.com<\/a><\/div>\n<div class=\"el-content uk-panel\"><a href=\"tel:3052153085\" class=\"el-link uk-link-muted uk-margin-remove-last-child\">Tel: 305-215-3085<\/a><\/div>\n<\/div>\n<\/li>\n<\/ul>\n<p><p>\n        <a href=\"https:\/\/goo.gl\/maps\/48q8KsYgbuy\">Abrir en mapa<\/a>\n    <\/p>\n<\/p>\n<ul>\n<li><a href=\"https:\/\/www.instagram.com\/vp_cleaning_\">instagram<\/a>\n<\/li>\n<li><a href=\"https:\/\/facebook.com\/vp-cleaning\">facebook<\/a>\n<\/li>\n<li><a href=\"https:\/\/www.tiktok.com\/@vpcleaningservice?_t=ZT-8yKN2NRk2NJ&#038;_r=1\">tiktok<\/a>\n<\/li>\n<li><a href=\"https:\/\/youtube.com\/@vp-cleaning?si=pHaABq3avgwHhGG0\">youtube<\/a>\n<\/li>\n<\/ul>\n<div>\n\n            <div \n                class=\"elfsight-widget-contact-form elfsight-widget\" \n                data-elfsight-contact-form-options=\"%7B%22ei%22%3A%22%22%2C%22fields%22%3A%5B%7B%22type%22%3A%22text%22%2C%22placeholder%22%3A%22John%20Doe%22%2C%22description%22%3A%22%22%2C%22label%22%3A%22Your%20name%22%2C%22required%22%3Atrue%2C%22columnWidth%22%3A50%2C%22id%22%3A%22%5Byour-name%5D%22%7D%2C%7B%22type%22%3A%22phone%22%2C%22label%22%3A%22Phone%22%2C%22placeholder%22%3A%22%2B1-999-999-9999%22%2C%22description%22%3A%22%22%2C%22required%22%3Atrue%2C%22columnWidth%22%3A50%2C%22id%22%3A%22%5Bphone%5D%22%7D%2C%7B%22type%22%3A%22email%22%2C%22label%22%3A%22Email%20address%22%2C%22description%22%3A%22%22%2C%22placeholder%22%3A%22example%40domain.com%22%2C%22required%22%3Atrue%2C%22columnWidth%22%3A50%2C%22id%22%3A%22%5Bemail-address%5D%22%7D%2C%7B%22type%22%3A%22textarea%22%2C%22label%22%3A%22Message%22%2C%22description%22%3A%22%22%2C%22placeholder%22%3A%22Tell%20us%20briefly%20about%20your%20needs%22%2C%22required%22%3Atrue%2C%22columnWidth%22%3A100%7D%5D%2C%22headerActive%22%3Atrue%2C%22headerTitle%22%3A%22Get%20in%20Touch%22%2C%22headerText%22%3A%22Leave%20your%20message%20and%20we%27ll%20get%20back%20to%20you%20shortly.%22%2C%22headerPictureUrl%22%3A%22message%22%2C%22footerText%22%3A%22%22%2C%22actionAfterSubmit%22%3A%22message%22%2C%22successMessage%22%3A%22Your%20message%20was%20successfully%20sent%21%20We%20will%20reply%20to%20you%20shortly.%22%2C%22successContinueText%22%3A%22OK%22%2C%22redirectUrl%22%3A%22https%3A%5C%2F%5C%2Fexample.com%22%2C%22submitText%22%3A%22Submit%22%2C%22stepsMessagesDivider%22%3Anull%2C%22stepsMessagesTitle%22%3Anull%2C%22stepsText%22%3A%22step%20%251%20of%20%252%22%2C%22stepBackText%22%3A%22Back%22%2C%22stepNextText%22%3A%22Next%22%2C%22errorMessageAllRequired%22%3A%22Please%2C%20fill%20all%20the%20required%20fields%22%2C%22errorMessageAllIncorrect%22%3A%22Please%2C%20fill%20all%20the%20fields%20correctly%22%2C%22errorMessageSetMailTo%22%3A%22Please%2C%20set%20the%20email%20to%20send%20messages%20to%22%2C%22errorMessageRequiredCaptcha%22%3A%22Please%2C%20enter%20the%20captcha%22%2C%22errorMessageFileSizeLimit%22%3A%22File%20size%20limit%20exceeded%22%2C%22errorMessageFileNotAllowed%22%3A%22File%20extension%20not%20allowed%22%2C%22errorMessageUnknown%22%3A%22Unknown%20error%22%2C%22errorMessageRequired%22%3A%22Required%20field%22%2C%22errorMessageInvalid%22%3A%22Invalid%22%2C%22errorMessageInvalidEmail%22%3A%22Invalid%20email%22%2C%22errorMessageInvalidPhone%22%3A%22Invalid%20phone%20number%22%2C%22errorMessageInvalidUrl%22%3A%22Invalid%20URL%22%2C%22calendarWeekdaysShorthand%22%3A%22Sun%5CnMon%5CnTue%5CnWed%5CnThu%5CnFri%5CnSat%22%2C%22calendarMonthsLonghand%22%3A%22January%5CnFebruary%5CnMarch%5CnApril%5CnMay%5CnJune%5CnJuly%5CnAugust%5CnSeptember%5CnOctober%5CnNovember%5CnDecember%22%2C%22showProgress%22%3Atrue%2C%22recaptchaType%22%3A%22invisible%22%2C%22integrationsGoogleToken%22%3A%22%22%2C%22integrationsGoogleSheetId%22%3A%22%22%2C%22layout%22%3A%22default%22%2C%22floatingIcon%22%3A%22message%22%2C%22floatingText%22%3A%22%22%2C%22floatingPosition%22%3A%22right%22%2C%22width%22%3A%22AUTO%22%2C%22style%22%3A%22classic%22%2C%22mainColor%22%3A%22rgba%2828%2C%20145%2C%20255%2C%201%29%22%2C%22apiUrl%22%3A%22https%3A%5C%2F%5C%2Fvp-cleaning.com%5C%2Fes%5C%2Fwp-json%5C%2Felfsight-contact-form%5C%2Fapi%22%2C%22recaptchaKeyCheckbox%22%3A%226LfXGHgUAAAAAHNIE_EH7kEI1l4xvf_ynIlg5bfo%22%2C%22recaptchaKeyInvisible%22%3A%226Ld1CXgUAAAAAFTHmixC1Eo-NP7_3ddB1YOj9AfX%22%2C%22widgetId%22%3A%222%22%7D\" \n                data-elfsight-contact-form-version=\"2.3.1\"\n                data-elfsight-widget-id=\"elfsight-contact-form-2\">\n            <\/div>\n            \n<\/div>\n<p><!--more--><br \/>\n<!-- {\"type\":\"layout\",\"children\":[{\"name\":\"Contact\",\"type\":\"section\",\"props\":{\"animation\":\"fade\",\"image\":\"wp-content\\\/uploads\\\/contact-contact.svg\",\"image_loading\":true,\"image_position\":\"top-right\",\"media_visibility\":\"m\",\"style\":\"default\",\"title_breakpoint\":\"xl\",\"title_position\":\"top-left\",\"title_rotation\":\"left\",\"vertical_align\":\"\",\"width\":\"large\"},\"children\":[{\"type\":\"row\",\"children\":[{\"type\":\"column\",\"props\":{\"image_position\":\"center-center\",\"position_sticky_breakpoint\":\"m\",\"width_medium\":\"1-1\"},\"children\":[{\"type\":\"headline\",\"props\":{\"content\":\"Contact Us\",\"margin_remove_bottom\":false,\"margin_remove_top\":false,\"title_color\":\"primary\",\"title_element\":\"h1\",\"title_style\":\"h5\"}},{\"type\":\"headline\",\"props\":{\"content\":\"<strong>Cleaning Begins Here<\\\/strong><br class=\\\"uk-visible@s\\\" \\\/>Get in Touch\",\"margin_remove_top\":true,\"title_element\":\"div\",\"title_style\":\"heading-medium\"}},{\"type\":\"grid\",\"props\":{\"content_column_breakpoint\":\"m\",\"content_style\":\"text-lead\",\"filter_align\":\"left\",\"filter_all\":true,\"filter_grid_breakpoint\":\"m\",\"filter_grid_width\":\"auto\",\"filter_position\":\"top\",\"filter_style\":\"tab\",\"grid_column_gap\":\"large\",\"grid_default\":\"1\",\"grid_medium\":\"\",\"grid_small\":\"auto\",\"icon_width\":80,\"image_align\":\"top\",\"image_grid_breakpoint\":\"m\",\"image_grid_width\":\"1-2\",\"image_svg_color\":\"emphasis\",\"item_animation\":true,\"lightbox_bg_close\":true,\"link_style\":\"default\",\"link_text\":\"Read more\",\"margin\":\"medium\",\"margin_remove_bottom\":false,\"meta_align\":\"below-title\",\"meta_element\":\"div\",\"meta_style\":\"h4\",\"parallax_easing\":\"1\",\"show_content\":true,\"show_hover_image\":true,\"show_hover_video\":true,\"show_image\":true,\"show_link\":true,\"show_meta\":true,\"show_title\":true,\"show_video\":true,\"title_align\":\"top\",\"title_element\":\"h3\",\"title_grid_breakpoint\":\"m\",\"title_grid_width\":\"1-2\",\"title_hover_style\":\"reset\"},\"children\":[{\"type\":\"grid_item\",\"props\":{\"content\":\"\n\n<p>12850 West State road 84<br \\\/>Davie Florida 33325<br \\\/>United States<\\\/p>\",\"meta\":\"\"}},{\"type\":\"grid_item\",\"props\":{\"content\":\"\n\n<div class=\\\"el-content uk-panel\\\"><a href=\\\"mailto:info@vp-cleaning.com\\\" class=\\\"el-link uk-link-muted uk-margin-remove-last-child\\\">info@vp-cleaning.com<\\\/a><\\\/div>\\n\n\n<div class=\\\"el-content uk-panel\\\"><a href=\\\"tel:3052153085\\\" class=\\\"el-link uk-link-muted uk-margin-remove-last-child\\\">Phone: 305-215-3085<\\\/a><\\\/div>\",\"meta\":\"\"}}]},{\"type\":\"button\",\"props\":{\"fullwidth\":false,\"grid_column_gap\":\"small\",\"grid_row_gap\":\"small\",\"margin\":\"large\",\"margin_remove_top\":true},\"children\":[{\"type\":\"button_item\",\"props\":{\"button_style\":\"text\",\"content\":\"Open in Map\",\"dialog_layout\":\"modal\",\"dialog_offcanvas_flip\":true,\"icon_align\":\"left\",\"link\":\"https:\\\/\\\/goo.gl\\\/maps\\\/48q8KsYgbuy\",\"link_target\":\"blank\"}}]},{\"type\":\"social\",\"props\":{\"grid\":\"horizontal\",\"grid_column_gap\":\"small\",\"grid_row_gap\":\"small\",\"image_svg_inline\":true,\"link_style\":\"button\",\"link_target\":true,\"margin\":\"default\"},\"children\":[{\"type\":\"social_item\",\"props\":{\"link\":\"https:\\\/\\\/www.instagram.com\\\/vp_cleaning_\"}},{\"type\":\"social_item\",\"props\":{\"link\":\"https:\\\/\\\/facebook.com\\\/vp-cleaning\"}},{\"type\":\"social_item\",\"props\":{\"link\":\"https:\\\/\\\/www.tiktok.com\\\/@vpcleaningservice?_t=ZT-8yKN2NRk2NJ&_r=1\"}},{\"type\":\"social_item\",\"props\":{\"link\":\"https:\\\/\\\/youtube.com\\\/@vp-cleaning?si=pHaABq3avgwHhGG0\"}}]}]}]}]},{\"name\":\"Call to Action\",\"type\":\"section\",\"props\":{\"animation\":\"fade\",\"css\":\".el-section > div {\\n\\tborder-top: 75px solid transparent;\\n    background-origin: border-box;\\n}\",\"image\":\"wp-content\\\/uploads\\\/section-bg-small.svg\",\"image_position\":\"top-center\",\"image_size\":\"cover\",\"overlap\":true,\"padding\":\"large\",\"style\":\"default\",\"title_breakpoint\":\"xl\",\"title_position\":\"top-left\",\"title_rotation\":\"left\",\"vertical_align\":\"\",\"width\":\"large\"},\"children\":[{\"type\":\"row\",\"children\":[{\"type\":\"column\",\"props\":{\"image_position\":\"center-center\",\"position_sticky_breakpoint\":\"m\",\"width_medium\":\"1-1\"},\"children\":[{\"type\":\"text\",\"props\":{\"column_breakpoint\":\"m\",\"content\":\"\n\n<p>[elfsight_contact_form id=\\\"2\\\"]<\\\/p>\",\"margin\":\"default\"}}]}]}]}],\"version\":\"4.5.15\"} --><\/p>","protected":false},"excerpt":{"rendered":"<p>Contacto La limpieza empieza aqu\u00edP\u00f3ngase en contacto 12850 West State road 84Davie Florida 33325Estados Unidos info@vp-cleaning.com Tel\u00e9fono: 305-215-3085 Abrir en Mapa instagram facebook tiktok youtube<\/p>","protected":false},"author":1,"featured_media":0,"parent":0,"menu_order":0,"comment_status":"closed","ping_status":"closed","template":"","meta":{"footnotes":""},"class_list":["post-23","page","type-page","status-publish","hentry"],"_links":{"self":[{"href":"https:\/\/vp-cleaning.com\/es\/wp-json\/wp\/v2\/pages\/23","targetHints":{"allow":["GET"]}}],"collection":[{"href":"https:\/\/vp-cleaning.com\/es\/wp-json\/wp\/v2\/pages"}],"about":[{"href":"https:\/\/vp-cleaning.com\/es\/wp-json\/wp\/v2\/types\/page"}],"author":[{"embeddable":true,"href":"https:\/\/vp-cleaning.com\/es\/wp-json\/wp\/v2\/users\/1"}],"replies":[{"embeddable":true,"href":"https:\/\/vp-cleaning.com\/es\/wp-json\/wp\/v2\/comments?post=23"}],"version-history":[{"count":10,"href":"https:\/\/vp-cleaning.com\/es\/wp-json\/wp\/v2\/pages\/23\/revisions"}],"predecessor-version":[{"id":214,"href":"https:\/\/vp-cleaning.com\/es\/wp-json\/wp\/v2\/pages\/23\/revisions\/214"}],"wp:attachment":[{"href":"https:\/\/vp-cleaning.com\/es\/wp-json\/wp\/v2\/media?parent=23"}],"curies":[{"name":"wp","href":"https:\/\/api.w.org\/{rel}","templated":true}]}}