{"id":21,"date":"2024-12-13T20:30:57","date_gmt":"2024-12-13T20:30:57","guid":{"rendered":"https:\/\/vp-cleaning.com\/?page_id=21"},"modified":"2024-12-13T21:14:01","modified_gmt":"2024-12-13T21:14:01","slug":"servicios","status":"publish","type":"page","link":"https:\/\/vp-cleaning.com\/es\/servicios\/","title":{"rendered":"Servicios"},"content":{"rendered":"<h1>SERVICIOS<\/h1>\n<div>\n<p><span>En VP Cleaning Services, nos dedicamos a ofrecer soluciones de limpieza excepcionales en todo el condado de Broward, incluyendo Plantation, Hollywood, Pompano Beach, Fort Lauderdale y Davie. Nuestro experimentado equipo utiliza productos de alta calidad, con opciones ecol\u00f3gicas y org\u00e1nicas disponibles, para asegurar que su espacio quede relucientemente limpio.<\/span><\/p>\n<\/div>\n<ul>\n<li>\n<p><img decoding=\"async\" src=\"\/wp-content\/uploads\/2024\/12\/Airbnb-Cleaning-Services.jpg\" alt=\"\"><\/p>\n<h3>Servicios de limpieza de Airbnb<\/h3>\n<div>\n<p>Gestionar una propiedad Airbnb conlleva sus retos, y mantener una casa impecable para sus hu\u00e9spedes es uno de los m\u00e1s importantes. En VP Cleaning Services, entendemos los altos est\u00e1ndares de limpieza que esperan los hu\u00e9spedes, y estamos aqu\u00ed para ayudarle a superar esas expectativas.<\/p>\n<p>Nuestros servicios de limpieza Airbnb a medida incluyen:<\/p>\n<ul>\n<li>Limpieza detallada de todas las habitaciones, incluidos dormitorios, ba\u00f1os, cocina y salas de estar.<\/li>\n<li>Reposici\u00f3n de s\u00e1banas y toallas a petici\u00f3n.<\/li>\n<li>Desinfecci\u00f3n de superficies muy sensibles al tacto para una estancia segura e higi\u00e9nica.<\/li>\n<li>Reponer art\u00edculos de primera necesidad, como art\u00edculos de tocador y papeler\u00eda (opcional).<\/li>\n<li>Plazos de entrega r\u00e1pidos para garantizar que su propiedad est\u00e9 lista para recibir invitados, incluso con calendarios ajustados.<\/li>\n<\/ul>\n<p>El compromiso de nuestro equipo con la excelencia nos ha hecho merecedores de constantes cr\u00edticas de 5 estrellas, d\u00e1ndole la tranquilidad de que su propiedad dejar\u00e1 una impresi\u00f3n duradera en sus hu\u00e9spedes.<\/p>\n<\/div>\n<\/li>\n<li>\n<p><img decoding=\"async\" src=\"\/wp-content\/uploads\/2024\/12\/Commercial-Cleaning.jpg\" alt=\"\"><\/p>\n<h3>Limpieza comercial<\/h3>\n<div>\n<p>El espacio de su negocio es un reflejo de su marca, y un entorno limpio y profesional es esencial para causar una impresi\u00f3n positiva tanto en los clientes como en los empleados. VP Cleaning Services se especializa en soluciones de limpieza comercial adaptadas a las necesidades \u00fanicas de diversas industrias.<\/p>\n<p>Nuestros servicios incluyen:<\/p>\n<ul>\n<li>Horarios de limpieza diarios, semanales o \u00fanicos para adaptarse a las operaciones de su empresa.<\/li>\n<li>Desempolvado y desinfecci\u00f3n de escritorios, puestos de trabajo y zonas comunes.<\/li>\n<li>Limpieza a fondo de ba\u00f1os, cocinas y salas de descanso.<\/li>\n<li>Gesti\u00f3n y eliminaci\u00f3n de residuos.<\/li>\n<li>Limpieza especializada para locales comerciales, consultas m\u00e9dicas y otras instalaciones.<\/li>\n<\/ul>\n<p>Con nuestro servicio fiable, puede centrarse en dirigir su negocio mientras nosotros nos aseguramos de que tenga el mejor aspecto posible.<\/p>\n<\/div>\n<\/li>\n<li>\n<p><img decoding=\"async\" src=\"\/wp-content\/uploads\/2024\/12\/Post-Construction-Cleaning.jpg\" alt=\"\"><\/p>\n<h3>Limpieza posterior a la construcci\u00f3n<\/h3>\n<div>\n<p>Los proyectos de construcci\u00f3n y renovaci\u00f3n pueden transformar un espacio, pero la limpieza posterior puede ser abrumadora. Nuestros servicios de limpieza post-construcci\u00f3n est\u00e1n dise\u00f1ados para quitarle ese peso de encima, garantizando que su espacio est\u00e9 impecable y listo para usar.<\/p>\n<p>Proporcionamos:<\/p>\n<ul>\n<li>Eliminaci\u00f3n de polvo, escombros y restos de materiales de construcci\u00f3n.<\/li>\n<li>Limpieza profunda de ventanas, paredes, suelos y techos.<\/li>\n<li>Eliminaci\u00f3n segura de los residuos de la construcci\u00f3n.<\/li>\n<li>Pulido de accesorios y superficies para revelar su verdadero brillo.<\/li>\n<li>Uso de herramientas especializadas y productos ecol\u00f3gicos para garantizar una limpieza a fondo y segura.<\/li>\n<\/ul>\n<p>Tanto si se trata de una peque\u00f1a reforma como de un proyecto a gran escala, le ayudamos a disfrutar de los resultados de su inversi\u00f3n sin complicaciones.<\/p>\n<\/div>\n<\/li>\n<li>\n<p><img decoding=\"async\" src=\"\/wp-content\/uploads\/2024\/12\/Move-InMove-Out-Cleaning.jpg\" alt=\"\"><\/p>\n<h3>Limpieza de entrada y salida<\/h3>\n<div>\n<p>Mudarse ya es bastante estresante sin tener que preocuparse por la limpieza. VP Cleaning Services ofrece una limpieza integral de entrada y salida para hacer su transici\u00f3n m\u00e1s suave.<\/p>\n<p>Nuestra limpieza de mudanza incluye:<\/p>\n<ul>\n<li>Limpieza a fondo de cocinas, incluido el interior de armarios y electrodom\u00e9sticos.<\/li>\n<li>Saneamiento del ba\u00f1o para garantizar un comienzo fresco e higi\u00e9nico.<\/li>\n<li>Barrido, fregado y aspirado de todos los suelos.<\/li>\n<li>Quitar el polvo y limpiar todas las superficies, incluidos z\u00f3calos y alf\u00e9izares.<\/li>\n<li>Retirada de cualquier resto de escombros o basura.<\/li>\n<\/ul>\n<p>Deje que nosotros nos encarguemos de la limpieza mientras usted se concentra en instalarse en su nuevo espacio o en despedirse del antiguo.<\/p>\n<\/div>\n<\/li>\n<li>\n<p><img decoding=\"async\" src=\"\/wp-content\/uploads\/2024\/12\/Deep-Cleaning.jpg\" alt=\"\"><\/p>\n<h3>Limpieza a fondo<\/h3>\n<div>\n<p>A veces, su espacio necesita algo m\u00e1s que una limpieza rutinaria. Nuestro servicio de limpieza a fondo est\u00e1 dise\u00f1ado para abordar esas zonas de dif\u00edcil acceso y ofrecer una limpieza integral que revitalice su hogar.<\/p>\n<p>La limpieza profunda incluye:<\/p>\n<ul>\n<li>Fregado de juntas y eliminaci\u00f3n de incrustaciones calc\u00e1reas en cuartos de ba\u00f1o.<\/li>\n<li>Limpieza debajo y detr\u00e1s de muebles y electrodom\u00e9sticos.<\/li>\n<li>Atenci\u00f3n detallada a persianas, rejillas de ventilaci\u00f3n y ventiladores de techo.<\/li>\n<li>Limpieza a fondo de las cocinas, incluido el interior de frigor\u00edficos y hornos.<\/li>\n<li>Tenga especial cuidado con las zonas sensibles al tacto, como los interruptores de la luz y los pomos de las puertas.<\/li>\n<\/ul>\n<p>Perfecto para la limpieza de primavera, ocasiones especiales, o simplemente para empezar de nuevo, nuestro servicio de limpieza a fondo garantiza que su hogar se sienta como nuevo.<\/p>\n<\/div>\n<\/li>\n<li>\n<p><img decoding=\"async\" src=\"\/wp-content\/uploads\/2024\/12\/Residential-Cleaning.jpg\" alt=\"\"><\/p>\n<h3>Limpieza residencial<\/h3>\n<div>\n<p>Entendemos lo ocupada que puede ser la vida, y mantener un hogar limpio no siempre es f\u00e1cil. Ah\u00ed es donde entra VP Cleaning Services. Nuestros servicios de limpieza residencial se adaptan a su estilo de vida y necesidades, ofreciendo un horario flexible y una variedad de opciones.<\/p>\n<p>Los servicios incluyen:<\/p>\n<ul>\n<li>Limpieza general de todas las habitaciones, incluyendo quitar el polvo, pasar la aspiradora y fregar.<\/li>\n<li>Limpieza de cocinas, incluyendo encimeras, fregaderos y electrodom\u00e9sticos.<\/li>\n<li>Limpieza de ba\u00f1os, con especial atenci\u00f3n a la higiene y el brillo.<\/li>\n<li>Complementos opcionales como servicios de lavander\u00eda, de hacer la cama y de organizaci\u00f3n.<\/li>\n<\/ul>\n<p>Disfrute de m\u00e1s tiempo libre y menos estr\u00e9s con nuestros fiables y atentos servicios de limpieza residencial.<\/p>\n<\/div>\n<\/li>\n<li>\n<p><img decoding=\"async\" src=\"\/wp-content\/uploads\/2024\/12\/Floor-Cleaning-and-Polishing.jpg\" alt=\"\"><\/p>\n<h3>Limpieza y pulido de suelos<\/h3>\n<div>\n<p>Sus suelos soportan mucho desgaste, pero con nuestros servicios expertos de limpieza y pulido, podemos devolverles la vida. Desde piedra natural hasta m\u00e1rmol o cer\u00e1mica, tenemos la experiencia y las herramientas necesarias para devolver a sus suelos su brillo original.<\/p>\n<p>Nuestros servicios de suelo incluyen:<\/p>\n<ul>\n<li>Limpieza en profundidad para eliminar la suciedad y la mugre de azulejos, baldosas, juntas y otras superficies.<\/li>\n<li>Pulido para eliminar ara\u00f1azos y realzar el brillo.<\/li>\n<li>Servicios de sellado para una mayor protecci\u00f3n y longevidad.<\/li>\n<li>Cuidados personalizados para diferentes materiales de suelos para garantizar los mejores resultados.<\/li>\n<\/ul>\n<p>Transforme sus suelos y eleve el aspecto de su hogar o negocio con nuestros servicios profesionales de pulido.<\/p>\n<\/div>\n<\/li>\n<li>\n<p><img decoding=\"async\" src=\"\/wp-content\/uploads\/2024\/12\/Office-Cleaning.jpg\" alt=\"\"><\/p>\n<h3>Limpieza de oficinas<\/h3>\n<div>\n<p>Una oficina limpia no es s\u00f3lo una cuesti\u00f3n est\u00e9tica: tambi\u00e9n aumenta la productividad y crea un entorno de trabajo m\u00e1s saludable para los empleados. Nuestros servicios de limpieza de oficinas est\u00e1n dise\u00f1ados para satisfacer las necesidades de las empresas modernas, garantizando un espacio de trabajo limpio y organizado.<\/p>\n<p>Los servicios incluyen:<\/p>\n<ul>\n<li>Limpieza diaria o programada adaptada al horario de su negocio.<\/li>\n<li>Limpieza y desinfecci\u00f3n de escritorios, salas de conferencias y espacios compartidos.<\/li>\n<li>Reabastecimiento de los ba\u00f1os y desinfecci\u00f3n de las zonas de cocina.<\/li>\n<li>Soluciones de gesti\u00f3n de residuos y reciclado.<\/li>\n<li>Limpieza especializada para equipos y espacios de trabajo sensibles.<\/li>\n<\/ul>\n<p>Nuestro objetivo es contribuir al \u00e9xito de su empresa manteniendo un lugar de trabajo profesional y acogedor.<\/p>\n<\/div>\n<\/li>\n<li>\n<p><img decoding=\"async\" src=\"\/wp-content\/uploads\/2024\/12\/custom-cleaning-services.jpg\" alt=\"\"><\/p>\n<h3>Limpieza a medida<\/h3>\n<div>\n<p><strong>\u00bfTiene una necesidad \u00fanica de limpieza? En VP Cleaning Services, vamos m\u00e1s all\u00e1 para satisfacer las peticiones de nuestros clientes. <\/strong><\/p>\n<p><strong>Ya se trate de limpieza de eventos, limpieza especializada para materiales \u00fanicos o cualquier otra tarea, nuestro equipo est\u00e1 preparado para crear una soluci\u00f3n a su medida.<\/strong><\/p>\n<\/p>\n<\/div>\n<p><a href=\"\/es\/pongase-en-contacto-con\/\">CONTACTO<\/a><\/p>\n<\/li>\n<\/ul>\n<p><!--more--><br \/>\n<!-- {\"type\":\"layout\",\"children\":[{\"type\":\"section\",\"props\":{\"css\":\"@media (min-width: 960px) {\\n    .el-section > div  {\\n        padding-top: 350px;\\n        padding-bottom: 350px;\\n    }\\n}\",\"image\":\"wp-content\\\/uploads\\\/2024\\\/12\\\/vp-cleaning-services-miami.jpg\",\"image_loading\":true,\"image_position\":\"center-center\",\"image_size\":\"cover\",\"image_width\":\"1840\",\"padding\":\"xlarge\",\"style\":\"default\",\"text_color\":\"light\",\"title_breakpoint\":\"xl\",\"title_position\":\"top-left\",\"title_rotation\":\"left\",\"vertical_align\":\"\",\"width\":\"default\"},\"children\":[{\"type\":\"row\",\"children\":[{\"type\":\"column\",\"props\":{\"image_position\":\"center-center\",\"position_sticky_breakpoint\":\"m\",\"width_medium\":\"1-1\"},\"children\":[{\"type\":\"headline\",\"props\":{\"content\":\"SERVICES\",\"text_align\":\"right\",\"title_element\":\"h1\",\"title_style\":\"heading-small\"}}]}]}],\"name\":\"Hero\"},{\"type\":\"section\",\"props\":{\"image_position\":\"center-center\",\"padding\":\"small\",\"style\":\"default\",\"title_breakpoint\":\"xl\",\"title_position\":\"top-left\",\"title_rotation\":\"left\",\"vertical_align\":\"middle\",\"width\":\"default\"},\"children\":[{\"type\":\"row\",\"children\":[{\"type\":\"column\",\"props\":{\"image_position\":\"center-center\",\"position_sticky_breakpoint\":\"m\"},\"children\":[{\"type\":\"text\",\"props\":{\"column_breakpoint\":\"m\",\"content\":\"\n\n<p><span>At VP Cleaning Services, we are dedicated to delivering exceptional cleaning solutions throughout Broward County, including Plantation, Hollywood, Pompano Beach, Fort Lauderdale, and Davie. Our experienced team utilizes top-quality products, with eco-friendly and organic options available, to ensure your space is left sparkling clean.<\\\/span><\\\/p>\",\"margin\":\"default\",\"margin_remove_bottom\":false,\"text_style\":\"lead\"}}]}]}]},{\"type\":\"section\",\"props\":{\"image_position\":\"center-center\",\"padding_remove_top\":true,\"style\":\"default\",\"title_breakpoint\":\"xl\",\"title_position\":\"top-left\",\"title_rotation\":\"left\",\"vertical_align\":\"middle\",\"width\":\"xlarge\"},\"children\":[{\"type\":\"row\",\"children\":[{\"type\":\"column\",\"props\":{\"image_position\":\"center-center\",\"position_sticky_breakpoint\":\"m\"},\"children\":[{\"type\":\"grid\",\"props\":{\"content_column_breakpoint\":\"m\",\"filter_align\":\"left\",\"filter_all\":true,\"filter_grid_breakpoint\":\"m\",\"filter_grid_width\":\"auto\",\"filter_position\":\"top\",\"filter_style\":\"tab\",\"grid_default\":\"1\",\"grid_medium\":\"3\",\"icon_width\":80,\"image_align\":\"top\",\"image_grid_breakpoint\":\"m\",\"image_grid_width\":\"1-2\",\"image_svg_color\":\"emphasis\",\"item_animation\":true,\"link_fullwidth\":true,\"link_style\":\"primary\",\"link_text\":\"Read more\",\"margin\":\"default\",\"meta_align\":\"below-title\",\"meta_element\":\"div\",\"meta_style\":\"text-meta\",\"panel_image_no_padding\":true,\"panel_padding\":\"default\",\"panel_style\":\"card-default\",\"show_content\":true,\"show_image\":true,\"show_link\":true,\"show_meta\":true,\"show_title\":true,\"title_align\":\"top\",\"title_color\":\"primary\",\"title_decoration\":\"divider\",\"title_element\":\"h3\",\"title_grid_breakpoint\":\"m\",\"title_grid_width\":\"1-2\",\"title_hover_style\":\"reset\"},\"children\":[{\"type\":\"grid_item\",\"props\":{\"content\":\"\n\n<p>Running an Airbnb property comes with its challenges, and maintaining a spotless home for your guests is one of the most important. At VP Cleaning Services, we understand the high standards of cleanliness expected by guests, and we are here to help you exceed those expectations.<\\\/p>\\n\n\n<p>Our tailored Airbnb cleaning services include:<\\\/p>\\n\n\n<ul>\\n\n\n<li>Detailed cleaning of all rooms, including bedrooms, bathrooms, kitchen, and living areas.<\\\/li>\\n\n\n<li>Fresh linen and towel replacements upon request.<\\\/li>\\n\n\n<li>Sanitizing high-touch surfaces for a safe and hygienic stay.<\\\/li>\\n\n\n<li>Restocking essential items like toiletries and paper products (optional).<\\\/li>\\n\n\n<li>Quick turnaround times to ensure your property is guest-ready, even on tight schedules.<\\\/li>\\n<\\\/ul>\\n\n\n<p>Our team\\u2019s commitment to excellence has earned us consistent 5-star reviews, giving you the peace of mind that your property will leave a lasting impression on your guests.<\\\/p>\",\"image\":\"wp-content\\\/uploads\\\/2024\\\/12\\\/Airbnb-Cleaning-Services.jpg\",\"title\":\"Airbnb Cleaning Services\"}},{\"type\":\"grid_item\",\"props\":{\"content\":\"\n\n<p>Your business space is a reflection of your brand, and a clean, professional environment is essential to making a positive impression on clients and employees alike. VP Cleaning Services specializes in commercial cleaning solutions tailored to the unique needs of various industries.<\\\/p>\\n\n\n<p>Our services include:<\\\/p>\\n\n\n<ul>\\n\n\n<li>Daily, weekly, or one-time cleaning schedules to suit your business operations.<\\\/li>\\n\n\n<li>Dusting and sanitizing desks, workstations, and common areas.<\\\/li>\\n\n\n<li>Deep cleaning of restrooms, kitchens, and break rooms.<\\\/li>\\n\n\n<li>Waste management and disposal.<\\\/li>\\n\n\n<li>Specialized cleaning for retail spaces, medical offices, and other facilities.<\\\/li>\\n<\\\/ul>\\n\n\n<p>With our dependable service, you can focus on running your business while we ensure it looks its best.<\\\/p>\",\"image\":\"wp-content\\\/uploads\\\/2024\\\/12\\\/Commercial-Cleaning.jpg\",\"title\":\"Commercial Cleaning\"}},{\"type\":\"grid_item\",\"props\":{\"content\":\"\n\n<p>Construction and renovation projects can transform a space, but the cleanup afterward can be overwhelming. Our post-construction cleaning services are designed to take the burden off your shoulders, ensuring your space is spotless and ready to use.<\\\/p>\\n\n\n<p>We provide:<\\\/p>\\n\n\n<ul>\\n\n\n<li>Removal of dust, debris, and leftover construction materials.<\\\/li>\\n\n\n<li>Deep cleaning of windows, walls, floors, and ceilings.<\\\/li>\\n\n\n<li>Safe disposal of construction waste.<\\\/li>\\n\n\n<li>Polishing of fixtures and surfaces to reveal their true shine.<\\\/li>\\n\n\n<li>Use of specialized tools and eco-friendly products to ensure a thorough and safe clean.<\\\/li>\\n<\\\/ul>\\n\n\n<p>Whether it\\u2019s a small renovation or a large-scale project, we help you enjoy the results of your investment without the hassle.<\\\/p>\",\"image\":\"wp-content\\\/uploads\\\/2024\\\/12\\\/Post-Construction-Cleaning.jpg\",\"title\":\"Post-Construction Cleaning\"}},{\"type\":\"grid_item\",\"props\":{\"content\":\"\n\n<p>Moving is stressful enough without worrying about cleaning. VP Cleaning Services offers comprehensive move-in and move-out cleaning to make your transition smoother.<\\\/p>\\n\n\n<p>Our move-in\\\/out cleaning includes:<\\\/p>\\n\n\n<ul>\\n\n\n<li>Thorough cleaning of kitchens, including inside cabinets and appliances.<\\\/li>\\n\n\n<li>Bathroom sanitation to ensure a fresh and hygienic start.<\\\/li>\\n\n\n<li>Sweeping, mopping, and vacuuming of all floors.<\\\/li>\\n\n\n<li>Dusting and wiping down all surfaces, including baseboards and windowsills.<\\\/li>\\n\n\n<li>Removal of any leftover debris or trash.<\\\/li>\\n<\\\/ul>\\n\n\n<p>Let us handle the cleaning while you focus on settling into your new space or saying goodbye to your old one.<\\\/p>\",\"image\":\"wp-content\\\/uploads\\\/2024\\\/12\\\/Move-InMove-Out-Cleaning.jpg\",\"title\":\"Move-In\\\/Move-Out Cleaning\"}},{\"type\":\"grid_item\",\"props\":{\"content\":\"\n\n<p>Sometimes, your space needs more than a routine clean. Our deep cleaning service is designed to tackle those hard-to-reach areas and deliver a comprehensive clean that revitalizes your home.<\\\/p>\\n\n\n<p>Deep cleaning includes:<\\\/p>\\n\n\n<ul>\\n\n\n<li>Scrubbing grout and removing limescale buildup in bathrooms.<\\\/li>\\n\n\n<li>Cleaning under and behind furniture and appliances.<\\\/li>\\n\n\n<li>Detailed attention to blinds, vents, and ceiling fans.<\\\/li>\\n\n\n<li>Thorough sanitation of kitchens, including the inside of refrigerators and ovens.<\\\/li>\\n\n\n<li>Extra care for high-touch areas such as light switches and doorknobs.<\\\/li>\\n<\\\/ul>\\n\n\n<p>Perfect for spring cleaning, special occasions, or simply a fresh start, our deep cleaning service ensures your home feels brand new.<\\\/p>\",\"image\":\"wp-content\\\/uploads\\\/2024\\\/12\\\/Deep-Cleaning.jpg\",\"title\":\"Deep Cleaning\"}},{\"type\":\"grid_item\",\"props\":{\"content\":\"\n\n<p>We understand how busy life can get, and maintaining a clean home isn\\u2019t always easy. That\\u2019s where VP Cleaning Services comes in. Our residential cleaning services are customized to your lifestyle and needs, offering flexible scheduling and a variety of options.<\\\/p>\\n\n\n<p>Services include:<\\\/p>\\n\n\n<ul>\\n\n\n<li>General cleaning of all rooms, including dusting, vacuuming, and mopping.<\\\/li>\\n\n\n<li>Kitchen cleaning, including countertops, sinks, and appliances.<\\\/li>\\n\n\n<li>Bathroom cleaning, with a focus on sanitation and shine.<\\\/li>\\n\n\n<li>Optional add-ons like laundry, bed-making, and organization services.<\\\/li>\\n<\\\/ul>\\n\n\n<p>Enjoy more free time and less stress with our reliable and caring residential cleaning services.<\\\/p>\",\"image\":\"wp-content\\\/uploads\\\/2024\\\/12\\\/Residential-Cleaning.jpg\",\"title\":\"Residential Cleaning\"}},{\"type\":\"grid_item\",\"props\":{\"content\":\"\n\n<p>Your floors endure a lot of wear and tear, but with our expert cleaning and polishing services, we can bring them back to life. From natural stone to marble to ceramic, we have the expertise and tools to restore your floors to their original brilliance.<\\\/p>\\n\n\n<p>Our floor services include:<\\\/p>\\n\n\n<ul>\\n\n\n<li>Deep cleaning to remove dirt and grime from tiles, grout, and other surfaces.<\\\/li>\\n\n\n<li>Polishing to eliminate scratches and enhance shine.<\\\/li>\\n\n\n<li>Sealing services for added protection and longevity.<\\\/li>\\n\n\n<li>Custom care for different flooring materials to ensure the best results.<\\\/li>\\n<\\\/ul>\\n\n\n<p>Transform your floors and elevate the look of your home or business with our professional polishing services.<\\\/p>\",\"image\":\"wp-content\\\/uploads\\\/2024\\\/12\\\/Floor-Cleaning-and-Polishing.jpg\",\"title\":\"Floor Cleaning and Polishing\"}},{\"type\":\"grid_item\",\"props\":{\"content\":\"\n\n<p>A clean office is not just about aesthetics\\u2014it also boosts productivity and creates a healthier work environment for employees. Our office cleaning services are designed to meet the needs of modern businesses, ensuring a clean and organized workspace.<\\\/p>\\n\n\n<p>Services include:<\\\/p>\\n\n\n<ul>\\n\n\n<li>Daily or scheduled cleaning tailored to your business hours.<\\\/li>\\n\n\n<li>Cleaning and sanitizing desks, conference rooms, and shared spaces.<\\\/li>\\n\n\n<li>Restocking restrooms and sanitizing kitchen areas.<\\\/li>\\n\n\n<li>Waste management and recycling solutions.<\\\/li>\\n\n\n<li>Specialized cleaning for sensitive equipment and workspaces.<\\\/li>\\n<\\\/ul>\\n\n\n<p>We aim to support your business\\u2019s success by maintaining a professional and inviting workplace.<\\\/p>\",\"image\":\"wp-content\\\/uploads\\\/2024\\\/12\\\/Office-Cleaning.jpg\",\"title\":\"Office Cleaning\"}},{\"type\":\"grid_item\",\"props\":{\"content\":\"\n\n<p><strong>Have a unique cleaning need? At VP Cleaning Services, we go above and beyond to accommodate our clients\\u2019 requests. <\\\/strong><\\\/p>\\n\n\n<p><strong>Whether it\\u2019s event cleanup, specialized cleaning for unique materials, or any other task, our team is ready to create a solution just for you.<\\\/strong><\\\/p>\\n\n\n<p><\\\/p>\",\"image\":\"wp-content\\\/uploads\\\/2024\\\/12\\\/custom-cleaning-services.jpg\",\"link\":\"contact\\\/\",\"link_text\":\"CONTACT US\",\"title\":\"Custom Cleaning Requests\"}}]}]}]}]}],\"version\":\"4.4.16\"} --><\/p>","protected":false},"excerpt":{"rendered":"<p>SERVICES At VP Cleaning Services, we are dedicated to delivering exceptional cleaning solutions throughout Broward County, including Plantation, Hollywood, Pompano Beach, Fort Lauderdale, and Davie. Our experienced team utilizes top-quality products, with eco-friendly and organic options available, to ensure your space is left sparkling clean. Airbnb Cleaning Services Running an Airbnb property comes with its [&hellip;]<\/p>","protected":false},"author":1,"featured_media":51,"parent":0,"menu_order":0,"comment_status":"closed","ping_status":"closed","template":"","meta":{"footnotes":""},"class_list":["post-21","page","type-page","status-publish","has-post-thumbnail","hentry"],"_links":{"self":[{"href":"https:\/\/vp-cleaning.com\/es\/wp-json\/wp\/v2\/pages\/21","targetHints":{"allow":["GET"]}}],"collection":[{"href":"https:\/\/vp-cleaning.com\/es\/wp-json\/wp\/v2\/pages"}],"about":[{"href":"https:\/\/vp-cleaning.com\/es\/wp-json\/wp\/v2\/types\/page"}],"author":[{"embeddable":true,"href":"https:\/\/vp-cleaning.com\/es\/wp-json\/wp\/v2\/users\/1"}],"replies":[{"embeddable":true,"href":"https:\/\/vp-cleaning.com\/es\/wp-json\/wp\/v2\/comments?post=21"}],"version-history":[{"count":14,"href":"https:\/\/vp-cleaning.com\/es\/wp-json\/wp\/v2\/pages\/21\/revisions"}],"predecessor-version":[{"id":55,"href":"https:\/\/vp-cleaning.com\/es\/wp-json\/wp\/v2\/pages\/21\/revisions\/55"}],"wp:featuredmedia":[{"embeddable":true,"href":"https:\/\/vp-cleaning.com\/es\/wp-json\/wp\/v2\/media\/51"}],"wp:attachment":[{"href":"https:\/\/vp-cleaning.com\/es\/wp-json\/wp\/v2\/media?parent=21"}],"curies":[{"name":"wp","href":"https:\/\/api.w.org\/{rel}","templated":true}]}}