{"id":20,"date":"2024-12-13T20:30:57","date_gmt":"2024-12-13T20:30:57","guid":{"rendered":"https:\/\/vp-cleaning.com\/?page_id=20"},"modified":"2025-02-10T14:11:17","modified_gmt":"2025-02-10T14:11:17","slug":"acerca-de-nosotros","status":"publish","type":"page","link":"https:\/\/vp-cleaning.com\/es\/acerca-de-nosotros\/","title":{"rendered":"Qui\u00e9nes somos"},"content":{"rendered":"<h1>Nos encanta lo que hacemos.<br class=\"uk-visible@s\" \/>Limpiar es nuestra pasi\u00f3n.<\/h1>\n<div>\n<p>        <img decoding=\"async\" src=\"\/wp-content\/uploads\/2024\/12\/veronica-e-pietro-vp-cleaning-broward.jpg\" alt=\"veronica e pietro vp limpieza broward\"><\/p>\n<div>Ver\u00f3nica y Pietro<\/div>\n<p>Fundadores<\/p>\n<\/div>\n<h1><span>Nuestra historia: VP Limpieza<\/span><\/h1>\n<div>\n<p>VP Cleaning, fundada por Veronica y Pietro, es m\u00e1s que una empresa de limpieza; es un negocio familiar basado en la pasi\u00f3n, la dedicaci\u00f3n y el compromiso con la excelencia. La idea detr\u00e1s de VP Cleaning naci\u00f3 de nuestro deseo de crear un mejor equilibrio entre la vida laboral y personal, al tiempo que ofrecemos un servicio excepcional a nuestros clientes. Con antecedentes en industrias exigentes -Pietro en la industria de cruceros y Ver\u00f3nica en el negocio de restaurantes- nos dimos cuenta de la importancia del tiempo en familia y decidimos construir algo que nos uniera m\u00e1s mientras marc\u00e1bamos la diferencia en nuestra comunidad.<\/p>\n<p>Como empresa familiar, nos esforzamos por llevar los valores de la atenci\u00f3n, el respeto y la uni\u00f3n a cada hogar y empresa que atendemos. Estos principios tambi\u00e9n se inculcan a los miembros de nuestro equipo. Antes de empezar su primer d\u00eda, todos nuestros empleados pasan por un proceso de formaci\u00f3n personalizado dirigido por la propia Ver\u00f3nica. Esta formaci\u00f3n no s\u00f3lo garantiza un servicio de m\u00e1xima calidad, sino que tambi\u00e9n ense\u00f1a a nuestro personal a trabajar con pasi\u00f3n e integridad. La limpieza no consiste s\u00f3lo en realizar tareas, sino en crear un entorno en el que nuestros clientes se sientan realmente atendidos y valorados.<\/p>\n<p>Reconocemos la confianza que nuestros clientes depositan en nosotros al permitirnos entrar en sus hogares, los espacios m\u00e1s privados y queridos de sus vidas. Para nosotros es un privilegio y lo tratamos con el m\u00e1ximo respeto. Nuestro objetivo es que cada espacio brille, no s\u00f3lo por su limpieza, sino por la sensaci\u00f3n de confort y felicidad que dejamos tras de s\u00ed.<\/p>\n<p>Nuestra empresa se fund\u00f3 sobre el concepto de familia, y esta \u00e9tica se extiende a todos los servicios que prestamos. A pesar de estar orientados a la familia, tambi\u00e9n somos incre\u00edblemente ambiciosos. En VP Cleaning, trabajamos exclusivamente para obtener \"resultados de cinco estrellas\". Nada menos que la perfecci\u00f3n ser\u00e1 suficiente. Nuestro objetivo es ser los mejores, mejorar continuamente y ofrecer siempre una calidad inigualable.<\/p>\n<p>Como dijo Aurelio De Laurenti: \"La pasi\u00f3n est\u00e1 antes que el dinero\". Para nosotros, la pasi\u00f3n impulsa todos los aspectos de nuestro trabajo. No se trata s\u00f3lo de limpiar; se trata de dar a nuestros clientes un servicio que les proporcione alegr\u00eda y satisfacci\u00f3n. Cada limpieza se somete a una inspecci\u00f3n meticulosa para garantizar que cada detalle sea perfecto. Nuestro objetivo no es otro que la m\u00e1xima satisfacci\u00f3n de nuestros clientes.<\/p>\n<p>Esta es nuestra historia: un viaje que comenz\u00f3 con un sue\u00f1o centrado en la familia y creci\u00f3 hasta convertirse en un compromiso con la excelencia en el servicio. Te invitamos a experimentar la diferencia VP Cleaning-un toque de familia, profesionalismo y cuidado en cada limpieza.<\/p>\n<\/div>\n<p><!--more--><br \/>\n<!-- {\"type\":\"layout\",\"children\":[{\"name\":\"Hero\",\"type\":\"section\",\"props\":{\"image_position\":\"center-center\",\"padding\":\"large\",\"padding_remove_bottom\":false,\"padding_remove_top\":false,\"style\":\"default\",\"title_breakpoint\":\"xl\",\"title_position\":\"top-left\",\"title_rotation\":\"left\",\"vertical_align\":\"\",\"width\":\"large\"},\"children\":[{\"type\":\"row\",\"props\":{\"margin_remove_top\":false},\"children\":[{\"type\":\"column\",\"props\":{\"image_position\":\"center-center\",\"position_sticky_breakpoint\":\"m\",\"width_medium\":\"1-1\"},\"children\":[{\"type\":\"headline\",\"props\":{\"animation\":\"parallax\",\"content\":\"We love what we do.<br class=\\\"uk-visible@s\\\" \\\/>Cleaning it\\u2019s our passion.\",\"maxwidth\":\"2xlarge\",\"maxwidth_breakpoint\":\"m\",\"parallax_breakpoint\":\"m\",\"parallax_easing\":\"1\",\"parallax_y\":\"0,-75\",\"text_align\":\"left\",\"text_align_breakpoint\":\"m\",\"text_align_fallback\":\"center\",\"title_color\":\"background\",\"title_element\":\"h1\",\"title_style\":\"heading-medium\"}}]}]}]},{\"name\":\"Team\",\"type\":\"section\",\"props\":{\"animation_delay\":false,\"css\":\"@media (min-width: 1200px)  {\\n    .el-section > div > div {\\n        margin-top: 150px;\\n    }\\n}\",\"image\":\"wp-content\\\/uploads\\\/2025\\\/02\\\/ABOUT-VP-CLEANING-RESIDENTIAL-CLEANING-IN-BROWARD.jpg\",\"image_effect\":\"parallax\",\"image_parallax_bgy\":\"20,-80\",\"image_parallax_breakpoint\":\"m\",\"image_parallax_easing\":\"1\",\"image_position\":\"top-center\",\"image_size\":\"contain\",\"image_width\":\"2560\",\"padding\":\"large\",\"padding_remove_bottom\":true,\"padding_remove_top\":false,\"style\":\"default\",\"title_breakpoint\":\"xl\",\"title_position\":\"top-left\",\"title_rotation\":\"left\",\"vertical_align\":\"\",\"width\":\"large\"},\"children\":[{\"type\":\"row\",\"children\":[{\"type\":\"column\",\"props\":{\"image_position\":\"center-center\",\"position_sticky_breakpoint\":\"m\",\"vertical_align\":\"bottom\"},\"children\":[{\"type\":\"panel\",\"props\":{\"animation\":\"parallax\",\"content\":\"\",\"content_column_breakpoint\":\"m\",\"icon_width\":80,\"image\":\"wp-content\\\/uploads\\\/2024\\\/12\\\/veronica-e-pietro-vp-cleaning-broward.jpg\",\"image_align\":\"top\",\"image_alt\":\"veronica e pietro vp cleaning broward\",\"image_border\":\"rounded\",\"image_box_decoration\":\"primary\",\"image_box_decoration_inverse\":false,\"image_box_shadow\":\"medium\",\"image_grid_breakpoint\":\"m\",\"image_grid_width\":\"1-2\",\"image_loading\":true,\"image_svg_color\":\"emphasis\",\"image_width\":500,\"link_style\":\"text\",\"link_text\":\"andrew.richard@example.com\",\"margin\":\"default\",\"meta\":\"Founders\",\"meta_align\":\"above-title\",\"meta_color\":\"primary\",\"meta_element\":\"h2\",\"meta_style\":\"h4\",\"parallax_breakpoint\":\"m\",\"parallax_easing\":\"0.5\",\"parallax_y\":\"50,-50\",\"text_align\":\"center\",\"title\":\"Veronica & Pietro\",\"title_align\":\"top\",\"title_element\":\"div\",\"title_grid_breakpoint\":\"m\",\"title_grid_width\":\"1-2\",\"title_hover_style\":\"reset\",\"title_margin\":\"small\",\"title_style\":\"heading-small\"}}]}]}]},{\"type\":\"section\",\"props\":{\"image_position\":\"center-center\",\"style\":\"default\",\"title_breakpoint\":\"xl\",\"title_position\":\"top-left\",\"title_rotation\":\"left\",\"vertical_align\":\"middle\",\"width\":\"default\"},\"children\":[{\"type\":\"row\",\"children\":[{\"type\":\"column\",\"props\":{\"image_position\":\"center-center\",\"position_sticky_breakpoint\":\"m\"},\"children\":[{\"type\":\"headline\",\"props\":{\"content\":\"<span>Our Story: VP Cleaning<\\\/span>\",\"title_element\":\"h1\"}},{\"type\":\"text\",\"props\":{\"column_breakpoint\":\"m\",\"content\":\"\n\n<p>VP Cleaning, founded by Veronica and Pietro, is more than just a cleaning company; it\\u2019s a family-run business built on passion, dedication, and a commitment to excellence. The idea behind VP Cleaning was born from our desire to create a better work-life balance while delivering outstanding service to our clients. With backgrounds in demanding industries\\u2014Pietro in the cruise industry and Veronica in the restaurant business\\u2014we realized the importance of family time and decided to build something that brought us closer together while making a difference in our community.<\\\/p>\\n\n\n<p>As a family-run business, we strive to bring the values of care, respect, and togetherness into every home and business we serve. These principles are also instilled in our team members. Before starting their first day, all of our employees go through a personalized training process led by Veronica herself. This training not only ensures top-quality service but also teaches our staff to work with passion and integrity. Cleaning isn\\u2019t just about tasks; it\\u2019s about creating an environment where our clients feel genuinely cared for and valued.<\\\/p>\\n\n\n<p>We recognize the trust our clients place in us by allowing us into their homes\\u2014the most private and cherished spaces in their lives. For us, this is a privilege, and we treat it with the utmost respect. We aim to make every space shine, not just in cleanliness but in the sense of comfort and happiness we leave behind.<\\\/p>\\n\n\n<p>Our company was founded on the concept of family, and this ethos extends to every service we provide. While being family-oriented, we are also incredibly ambitious. At VP Cleaning, we work exclusively for \\u201cfive-star results.\\u201d Nothing less than perfection will do. Our goal is to be the best, to continuously improve, and to always deliver unparalleled quality.<\\\/p>\\n\n\n<p>As Aurelio De Laurenti famously said, \\u201cPassion comes before money.\\u201d For us, passion drives every aspect of our work. It\\u2019s not just about cleaning; it\\u2019s about giving our clients a service that brings joy and satisfaction. Each cleaning undergoes a meticulous inspection to ensure that every detail is perfect. We aim for nothing less than the maximum satisfaction of our clients.<\\\/p>\\n\n\n<p>This is our story: a journey that began with a family-focused dream and grew into a commitment to excellence in service. We invite you to experience the VP Cleaning difference\\u2014a touch of family, professionalism, and care in every clean.<\\\/p>\",\"margin\":\"default\",\"text_style\":\"lead\"}}]}]}]},{\"type\":\"section\",\"props\":{\"image_position\":\"center-center\",\"style\":\"default\",\"title_breakpoint\":\"xl\",\"title_position\":\"top-left\",\"title_rotation\":\"left\",\"vertical_align\":\"middle\",\"width\":\"default\"},\"children\":[{\"type\":\"row\",\"children\":[{\"type\":\"column\",\"props\":{\"image_position\":\"center-center\",\"position_sticky_breakpoint\":\"m\"}}]}]}],\"version\":\"4.5.3\"} --><\/p>","protected":false},"excerpt":{"rendered":"<p>We love what we do.Cleaning it\u2019s our passion. Veronica &#038; Pietro Founders Our Story: VP Cleaning VP Cleaning, founded by Veronica and Pietro, is more than just a cleaning company; it\u2019s a family-run business built on passion, dedication, and a commitment to excellence. The idea behind VP Cleaning was born from our desire to create [&hellip;]<\/p>","protected":false},"author":1,"featured_media":0,"parent":0,"menu_order":0,"comment_status":"closed","ping_status":"closed","template":"","meta":{"footnotes":""},"class_list":["post-20","page","type-page","status-publish","hentry"],"_links":{"self":[{"href":"https:\/\/vp-cleaning.com\/es\/wp-json\/wp\/v2\/pages\/20","targetHints":{"allow":["GET"]}}],"collection":[{"href":"https:\/\/vp-cleaning.com\/es\/wp-json\/wp\/v2\/pages"}],"about":[{"href":"https:\/\/vp-cleaning.com\/es\/wp-json\/wp\/v2\/types\/page"}],"author":[{"embeddable":true,"href":"https:\/\/vp-cleaning.com\/es\/wp-json\/wp\/v2\/users\/1"}],"replies":[{"embeddable":true,"href":"https:\/\/vp-cleaning.com\/es\/wp-json\/wp\/v2\/comments?post=20"}],"version-history":[{"count":9,"href":"https:\/\/vp-cleaning.com\/es\/wp-json\/wp\/v2\/pages\/20\/revisions"}],"predecessor-version":[{"id":116,"href":"https:\/\/vp-cleaning.com\/es\/wp-json\/wp\/v2\/pages\/20\/revisions\/116"}],"wp:attachment":[{"href":"https:\/\/vp-cleaning.com\/es\/wp-json\/wp\/v2\/media?parent=20"}],"curies":[{"name":"wp","href":"https:\/\/api.w.org\/{rel}","templated":true}]}}